{"id":19932,"date":"2026-02-05T21:58:44","date_gmt":"2026-02-06T00:58:44","guid":{"rendered":"https:\/\/imoveis.fortalezaceara.com.br\/?page_id=19932"},"modified":"2026-02-05T22:30:55","modified_gmt":"2026-02-06T01:30:55","slug":"promocao-indique-e-ganhe","status":"publish","type":"page","link":"https:\/\/fortalezaceara.com.br\/imoveis\/promocao-indique-e-ganhe\/","title":{"rendered":"Promo\u00e7\u00e3o indique e ganhe!"},"content":{"rendered":"\n<figure class=\"wp-block-image size-full\"><img data-recalc-dims=\"1\" fetchpriority=\"high\" decoding=\"async\" width=\"1170\" height=\"780\" src=\"https:\/\/i0.wp.com\/fortalezaceara.com.br\/imoveis\/wp-content\/uploads\/2026\/02\/ChatGPT-Image-5-de-fev.-de-2026-22_20_28.png?resize=1170%2C780&#038;ssl=1\" alt=\"\" class=\"wp-image-19943\"\/><\/figure>\n\n\n\n<p>Ajude um amigo a sair do aluguel e ganhe um b\u00f4nus de R$1.000,00 no PIX! Promo\u00e7\u00e3o exclusiva para clientes atendidas pelo corretor J\u00falio Alves.<br><br><em>B\u00f4nus pago com a compra do im\u00f3vel conclu\u00edda, ap\u00f3s a assinatura do contrato com o banco.<\/em><\/p>\n\n\n<style id=\"wpforms-css-vars-19925-block-ae9fe777-c74b-4c69-a746-2274b966d46a\">\n\t\t\t\t#wpforms-19925.wpforms-block-ae9fe777-c74b-4c69-a746-2274b966d46a {\n\t\t\t\t--wpforms-field-size-input-height: 43px;\n--wpforms-field-size-input-spacing: 15px;\n--wpforms-field-size-font-size: 16px;\n--wpforms-field-size-line-height: 19px;\n--wpforms-field-size-padding-h: 14px;\n--wpforms-field-size-checkbox-size: 16px;\n--wpforms-field-size-sublabel-spacing: 5px;\n--wpforms-field-size-icon-size: 1;\n--wpforms-label-size-font-size: 16px;\n--wpforms-label-size-line-height: 19px;\n--wpforms-label-size-sublabel-font-size: 14px;\n--wpforms-label-size-sublabel-line-height: 17px;\n--wpforms-button-size-font-size: 17px;\n--wpforms-button-size-height: 41px;\n--wpforms-button-size-padding-h: 15px;\n--wpforms-button-size-margin-top: 10px;\n\t\t\t}\n\t\t\t<\/style><div class=\"wpforms-container wpforms-container-full wpforms-block wpforms-block-ae9fe777-c74b-4c69-a746-2274b966d46a wpforms-render-modern\" id=\"wpforms-19925\"><form id=\"wpforms-form-19925\" class=\"wpforms-validate wpforms-form wpforms-ajax-form\" data-formid=\"19925\" method=\"post\" enctype=\"multipart\/form-data\" action=\"\/imoveis\/wp-json\/wp\/v2\/pages\/19932\" data-token=\"de2afb177959050d38a9df8850b5211d\" data-token-time=\"1778086658\"><noscript class=\"wpforms-error-noscript\">Ative o JavaScript no seu navegador para preencher este formul\u00e1rio.<\/noscript><div id=\"wpforms-error-noscript\" style=\"display: none;\">Ative o JavaScript no seu navegador para preencher este formul\u00e1rio.<\/div><div class=\"wpforms-field-container\"><div id=\"wpforms-19925-field_6-container\" class=\"wpforms-field wpforms-field-name\" data-field-id=\"6\"><fieldset><legend class=\"wpforms-field-label\">Nome Completo <span class=\"wpforms-required-label\" aria-hidden=\"true\">*<\/span><\/legend><div class=\"wpforms-field-row wpforms-field-medium\"><div class=\"wpforms-field-row-block wpforms-first wpforms-one-half\"><input type=\"text\" id=\"wpforms-19925-field_6\" class=\"wpforms-field-name-first wpforms-field-required\" name=\"wpforms[fields][6][first]\" aria-errormessage=\"wpforms-19925-field_6-error\" required><label for=\"wpforms-19925-field_6\" class=\"wpforms-field-sublabel after\">Nome<\/label><\/div><div class=\"wpforms-field-row-block wpforms-one-half\"><input type=\"text\" id=\"wpforms-19925-field_6-last\" class=\"wpforms-field-name-last wpforms-field-required\" name=\"wpforms[fields][6][last]\" aria-errormessage=\"wpforms-19925-field_6-last-error\" required><label for=\"wpforms-19925-field_6-last\" class=\"wpforms-field-sublabel after\">Sobrenome<\/label><\/div><\/div><\/fieldset><\/div><div id=\"wpforms-19925-field_8-container\" class=\"wpforms-field wpforms-field-text\" data-field-id=\"8\"><label class=\"wpforms-field-label\" for=\"wpforms-19925-field_8\">Telefone <span class=\"wpforms-required-label\" aria-hidden=\"true\">*<\/span><\/label><input type=\"text\" id=\"wpforms-19925-field_8\" class=\"wpforms-field-medium wpforms-field-required\" name=\"wpforms[fields][8]\" aria-errormessage=\"wpforms-19925-field_8-error\" required><\/div><div id=\"wpforms-19925-field_5-container\" class=\"wpforms-field wpforms-field-email\" data-field-id=\"5\"><label class=\"wpforms-field-label\" for=\"wpforms-19925-field_5\">E-mail<\/label><input type=\"email\" id=\"wpforms-19925-field_5\" class=\"wpforms-field-medium\" name=\"wpforms[fields][5]\" spellcheck=\"false\" aria-errormessage=\"wpforms-19925-field_5-error\" ><\/div><div id=\"wpforms-19925-field_16-container\" class=\"wpforms-field wpforms-field-name\" data-field-id=\"16\"><fieldset><legend class=\"wpforms-field-label\">Nome Completo do indicado <span class=\"wpforms-required-label\" aria-hidden=\"true\">*<\/span><\/legend><div class=\"wpforms-field-row wpforms-field-medium\"><div class=\"wpforms-field-row-block wpforms-first wpforms-one-half\"><input type=\"text\" id=\"wpforms-19925-field_16\" class=\"wpforms-field-name-first wpforms-field-required\" name=\"wpforms[fields][16][first]\" aria-errormessage=\"wpforms-19925-field_16-error\" required><label for=\"wpforms-19925-field_16\" class=\"wpforms-field-sublabel after\">Nome<\/label><\/div><div class=\"wpforms-field-row-block wpforms-one-half\"><input type=\"text\" id=\"wpforms-19925-field_16-last\" class=\"wpforms-field-name-last wpforms-field-required\" name=\"wpforms[fields][16][last]\" aria-errormessage=\"wpforms-19925-field_16-last-error\" required><label for=\"wpforms-19925-field_16-last\" class=\"wpforms-field-sublabel after\">Sobrenome<\/label><\/div><\/div><\/fieldset><\/div><div id=\"wpforms-19925-field_14-container\" class=\"wpforms-field wpforms-field-text\" data-field-id=\"14\"><label class=\"wpforms-field-label\" for=\"wpforms-19925-field_14\">Telefone do cliente indicado <span class=\"wpforms-required-label\" aria-hidden=\"true\">*<\/span><\/label><input type=\"text\" id=\"wpforms-19925-field_14\" class=\"wpforms-field-medium wpforms-field-required\" name=\"wpforms[fields][14]\" aria-errormessage=\"wpforms-19925-field_14-error\" required><\/div><div id=\"wpforms-19925-field_15-container\" class=\"wpforms-field wpforms-field-text\" data-field-id=\"15\"><label class=\"wpforms-field-label\" for=\"wpforms-19925-field_15\">Email do cliente indicado<\/label><input type=\"text\" id=\"wpforms-19925-field_15\" class=\"wpforms-field-medium\" name=\"wpforms[fields][15]\" aria-errormessage=\"wpforms-19925-field_15-error\" ><\/div>\t\t<div id=\"wpforms-19925-field_1-container\"\n\t\t\tclass=\"wpforms-field wpforms-field-text\"\n\t\t\tdata-field-type=\"text\"\n\t\t\tdata-field-id=\"1\"\n\t\t\t>\n\t\t\t<label class=\"wpforms-field-label\" for=\"wpforms-19925-field_1\" >indicado E-mail do<\/label>\n\t\t\t<input type=\"text\" id=\"wpforms-19925-field_1\" class=\"wpforms-field-medium\" name=\"wpforms[fields][1]\" >\n\t\t<\/div>\n\t\t<div id=\"wpforms-19925-field_3-container\" class=\"wpforms-field wpforms-field-textarea\" data-field-id=\"3\"><label class=\"wpforms-field-label\" for=\"wpforms-19925-field_3\">Qual im\u00f3vel tem interesse? <span class=\"wpforms-required-label\" aria-hidden=\"true\">*<\/span><\/label><textarea id=\"wpforms-19925-field_3\" class=\"wpforms-field-medium wpforms-field-required\" name=\"wpforms[fields][3]\" aria-errormessage=\"wpforms-19925-field_3-error\" required><\/textarea><\/div><script>\n\t\t\t\t( function() {\n\t\t\t\t\tconst style = document.createElement( 'style' );\n\t\t\t\t\tstyle.appendChild( document.createTextNode( '#wpforms-19925-field_1-container { position: absolute !important; overflow: hidden !important; display: inline !important; height: 1px !important; width: 1px !important; z-index: -1000 !important; padding: 0 !important; } #wpforms-19925-field_1-container input { visibility: hidden; } #wpforms-conversational-form-page #wpforms-19925-field_1-container label { counter-increment: none; }' ) );\n\t\t\t\t\tdocument.head.appendChild( style );\n\t\t\t\t\tdocument.currentScript?.remove();\n\t\t\t\t} )();\n\t\t\t<\/script><\/div><!-- .wpforms-field-container --><div class=\"wpforms-recaptcha-container wpforms-is-recaptcha wpforms-is-recaptcha-type-v2\" ><div class=\"g-recaptcha\" data-sitekey=\"6LcLVTorAAAAAOMyyT1CmJQSDxZ-p5Bpzquc5jLj\"><\/div><input type=\"text\" name=\"g-recaptcha-hidden\" class=\"wpforms-recaptcha-hidden\" style=\"position:absolute!important;clip:rect(0,0,0,0)!important;height:1px!important;width:1px!important;border:0!important;overflow:hidden!important;padding:0!important;margin:0!important;\" data-rule-recaptcha=\"1\"><\/div><div class=\"wpforms-submit-container\" ><input type=\"hidden\" name=\"wpforms[id]\" value=\"19925\"><input type=\"hidden\" name=\"page_title\" value=\"\"><input type=\"hidden\" name=\"page_url\" value=\"https:\/\/fortalezaceara.com.br\/imoveis\/wp-json\/wp\/v2\/pages\/19932\"><input type=\"hidden\" name=\"url_referer\" value=\"\"><button type=\"submit\" name=\"wpforms[submit]\" id=\"wpforms-submit-19925\" class=\"wpforms-submit\" data-alt-text=\"Enviando\u2026\" data-submit-text=\"Enviar\" aria-live=\"assertive\" value=\"wpforms-submit\">Enviar<\/button><img decoding=\"async\" src=\"https:\/\/fortalezaceara.com.br\/imoveis\/wp-content\/plugins\/wpforms-lite\/assets\/images\/submit-spin.svg\" class=\"wpforms-submit-spinner\" style=\"display: none;\" width=\"26\" height=\"26\" alt=\"Carregando\"><\/div><\/form><\/div>  <!-- .wpforms-container -->","protected":false},"excerpt":{"rendered":"<p>Ajude um amigo a sair do aluguel e ganhe um b\u00f4nus de R$1.000,00 no PIX! Promo\u00e7\u00e3o exclusiva para clientes atendidas pelo corretor J\u00falio Alves. B\u00f4nus pago com a compra do im\u00f3vel conclu\u00edda, ap\u00f3s a assinatura do contrato com o banco.<\/p>\n","protected":false},"author":1,"featured_media":0,"parent":0,"menu_order":0,"comment_status":"closed","ping_status":"closed","template":"","meta":{"content-type":"","om_disable_all_campaigns":false,"_monsterinsights_skip_tracking":false,"_monsterinsights_sitenote_active":false,"_monsterinsights_sitenote_note":"","_monsterinsights_sitenote_category":0,"footnotes":""},"class_list":["post-19932","page","type-page","status-publish","hentry"],"jetpack_sharing_enabled":true,"_links":{"self":[{"href":"https:\/\/fortalezaceara.com.br\/imoveis\/wp-json\/wp\/v2\/pages\/19932","targetHints":{"allow":["GET"]}}],"collection":[{"href":"https:\/\/fortalezaceara.com.br\/imoveis\/wp-json\/wp\/v2\/pages"}],"about":[{"href":"https:\/\/fortalezaceara.com.br\/imoveis\/wp-json\/wp\/v2\/types\/page"}],"author":[{"embeddable":true,"href":"https:\/\/fortalezaceara.com.br\/imoveis\/wp-json\/wp\/v2\/users\/1"}],"replies":[{"embeddable":true,"href":"https:\/\/fortalezaceara.com.br\/imoveis\/wp-json\/wp\/v2\/comments?post=19932"}],"version-history":[{"count":6,"href":"https:\/\/fortalezaceara.com.br\/imoveis\/wp-json\/wp\/v2\/pages\/19932\/revisions"}],"predecessor-version":[{"id":19946,"href":"https:\/\/fortalezaceara.com.br\/imoveis\/wp-json\/wp\/v2\/pages\/19932\/revisions\/19946"}],"wp:attachment":[{"href":"https:\/\/fortalezaceara.com.br\/imoveis\/wp-json\/wp\/v2\/media?parent=19932"}],"curies":[{"name":"wp","href":"https:\/\/api.w.org\/{rel}","templated":true}]}}